{"id":70,"date":"2018-03-08T22:51:32","date_gmt":"2018-03-08T22:51:32","guid":{"rendered":"https:\/\/makeupsalon.eu\/?page_id=70"},"modified":"2021-10-31T11:20:35","modified_gmt":"2021-10-31T09:20:35","slug":"manikuur-ja-pedikuur","status":"publish","type":"page","link":"https:\/\/makeupsalon.eu\/fi\/manikuur-ja-pedikuur\/","title":{"rendered":"MANIK\u00dc\u00dcR JA PEDIK\u00dc\u00dcR"},"content":{"rendered":"<p>Professionaalselt teostatud manik\u00fc\u00fcr ja pedik\u00fc\u00fcr on hooldatud v\u00e4limuse ning hea enesetunde loomulik osa .<\/p>\n<p><span style=\"color: #f37e7e;\">MANIK\u00dc\u00dcR<\/span><\/p>\n<p>EXPRESS manik\u00fc\u00fcr \u00a020.00 eur<\/p>\n<p>KLASSIKALINE manik\u00fc\u00fcr 25.00 eur<\/p>\n<p>GEEL manik\u00fc\u00fcr 30.00 eur<\/p>\n<p><span style=\"color: #f37e7e;\">PEDIK\u00dc\u00dcR<\/span><\/p>\n<p>EXPRESS pedik\u00fc\u00fcr \u00a025.00 eur<\/p>\n<p>KLASSIKALINE pedik\u00fc\u00fcr \u00a030.00 uer<\/p>\n<p>GEEL pedik\u00fc\u00fcr 35.00 eur<\/p>\n<p style=\"text-align: center;\">\n","protected":false},"excerpt":{"rendered":"<p>Professionaalselt teostatud manik\u00fc\u00fcr ja pedik\u00fc\u00fcr on hooldatud v\u00e4limuse ning hea enesetunde loomulik osa . MANIK\u00dc\u00dcR EXPRESS manik\u00fc\u00fcr \u00a020.00 eur KLASSIKALINE manik\u00fc\u00fcr 25.00 eur GEEL manik\u00fc\u00fcr 30.00 eur PEDIK\u00dc\u00dcR EXPRESS pedik\u00fc\u00fcr&#8230;<\/p>\n","protected":false},"author":1,"featured_media":73,"parent":0,"menu_order":0,"comment_status":"closed","ping_status":"closed","template":"","meta":{"inline_featured_image":false},"_links":{"self":[{"href":"https:\/\/makeupsalon.eu\/fi\/wp-json\/wp\/v2\/pages\/70"}],"collection":[{"href":"https:\/\/makeupsalon.eu\/fi\/wp-json\/wp\/v2\/pages"}],"about":[{"href":"https:\/\/makeupsalon.eu\/fi\/wp-json\/wp\/v2\/types\/page"}],"author":[{"embeddable":true,"href":"https:\/\/makeupsalon.eu\/fi\/wp-json\/wp\/v2\/users\/1"}],"replies":[{"embeddable":true,"href":"https:\/\/makeupsalon.eu\/fi\/wp-json\/wp\/v2\/comments?post=70"}],"version-history":[{"count":4,"href":"https:\/\/makeupsalon.eu\/fi\/wp-json\/wp\/v2\/pages\/70\/revisions"}],"predecessor-version":[{"id":2556,"href":"https:\/\/makeupsalon.eu\/fi\/wp-json\/wp\/v2\/pages\/70\/revisions\/2556"}],"wp:featuredmedia":[{"embeddable":true,"href":"https:\/\/makeupsalon.eu\/fi\/wp-json\/wp\/v2\/media\/73"}],"wp:attachment":[{"href":"https:\/\/makeupsalon.eu\/fi\/wp-json\/wp\/v2\/media?parent=70"}],"curies":[{"name":"wp","href":"https:\/\/api.w.org\/{rel}","templated":true}]}}