{"id":62,"date":"2018-03-08T22:48:50","date_gmt":"2018-03-08T22:48:50","guid":{"rendered":"https:\/\/makeupsalon.eu\/?page_id=62"},"modified":"2021-10-31T11:14:59","modified_gmt":"2021-10-31T09:14:59","slug":"ripsmete-ja-kulmude-hooldused","status":"publish","type":"page","link":"https:\/\/makeupsalon.eu\/fi\/ripsmete-ja-kulmude-hooldused\/","title":{"rendered":"RIPSMETE JA KULMUDE HOOLDUSED"},"content":{"rendered":"<div class=\"uvc-main-heading ult-responsive\" data-ultimate-target=\".uvc-heading.ultimate-heading-18455a7aee05da054 h2\" data-responsive-json-new=\"{\">\n<p>Ka 2021 aasta on kontrastsete kulmude aasta. M\u00f5juva <em>look\u2019<\/em>i saavutamiseks peaks kulmud toonima mitu astet tumedamaks, kui on juuksed.\u00a0<em>Refectocil<\/em> professionaalse sarja tooted pakuvad kauap\u00fcsivat tulemust.<\/p>\n<p><span style=\"color: #f37e7e;\">GOOD BROWS. GOOD MOOD. GOOD DAY.<\/span><\/p>\n<p>Ripsmete p\u00fcsiv\u00e4rvimine \u00a010.00 eur<\/p>\n<p><span style=\"font-size: revert; color: initial;\">Kulmude p\u00fcsiv\u00e4rvimine \u00a0<\/span><span style=\"font-size: revert; color: initial;\">10.00 eur<\/span><\/p>\n<\/div>\n<div class=\"uvc-sub-heading ult-responsive\" data-ultimate-target=\".uvc-heading.ultimate-heading-18455a7aee05da054 .uvc-sub-heading \" data-responsive-json-new=\"{\">\n<p>Kulmude <em>korrigeerimine<\/em>\u00a0 10.00 eur<\/p>\n<p>Kulmude <em>modelleerimine<\/em> \u00a015.00 eur<\/p>\n<p>Ripsmete ja kulmude p\u00fcsiv\u00e4rvimine + kulmude <em>korrigeerimine<\/em>\u00a0 20.00 eur<\/p>\n<p>Ripsmete ja kulmude p\u00fcsiv\u00e4rvimine + kulmude <i>kujundamine<\/i>\u00a025.00 eur<\/p>\n<p>Ripsmete p\u00fcsikoolutus + ripsmete p\u00fcsiv\u00e4rvimine \u00a035.00 eur<\/p>\n<p>Loodusliku hennav\u00e4rviga kulmuhooldus tagab pikaajalise tulemuse ka v\u00e4ga heledate ja \u00f5rnade kulmukarvade puhul.<\/p>\n<p>BROW HENNA \u00a0kulmuhooldus \u00a020.00 eur<\/p>\n<p>LASH BOTOX ripsmete lamineerimine 25.00 eur<\/p>\n<p>LASH BOTOX kulmude lamineerimine kujundamisega 25.00 eur<\/p>\n<p style=\"text-align: center;\">\n<\/div>\n","protected":false},"excerpt":{"rendered":"<p>Ka 2021 aasta on kontrastsete kulmude aasta. M\u00f5juva look\u2019i saavutamiseks peaks kulmud toonima mitu astet tumedamaks, kui on juuksed.\u00a0Refectocil professionaalse sarja tooted pakuvad kauap\u00fcsivat tulemust. GOOD BROWS. GOOD MOOD. GOOD&#8230;<\/p>\n","protected":false},"author":1,"featured_media":65,"parent":0,"menu_order":0,"comment_status":"closed","ping_status":"closed","template":"","meta":{"inline_featured_image":false},"_links":{"self":[{"href":"https:\/\/makeupsalon.eu\/fi\/wp-json\/wp\/v2\/pages\/62"}],"collection":[{"href":"https:\/\/makeupsalon.eu\/fi\/wp-json\/wp\/v2\/pages"}],"about":[{"href":"https:\/\/makeupsalon.eu\/fi\/wp-json\/wp\/v2\/types\/page"}],"author":[{"embeddable":true,"href":"https:\/\/makeupsalon.eu\/fi\/wp-json\/wp\/v2\/users\/1"}],"replies":[{"embeddable":true,"href":"https:\/\/makeupsalon.eu\/fi\/wp-json\/wp\/v2\/comments?post=62"}],"version-history":[{"count":5,"href":"https:\/\/makeupsalon.eu\/fi\/wp-json\/wp\/v2\/pages\/62\/revisions"}],"predecessor-version":[{"id":2548,"href":"https:\/\/makeupsalon.eu\/fi\/wp-json\/wp\/v2\/pages\/62\/revisions\/2548"}],"wp:featuredmedia":[{"embeddable":true,"href":"https:\/\/makeupsalon.eu\/fi\/wp-json\/wp\/v2\/media\/65"}],"wp:attachment":[{"href":"https:\/\/makeupsalon.eu\/fi\/wp-json\/wp\/v2\/media?parent=62"}],"curies":[{"name":"wp","href":"https:\/\/api.w.org\/{rel}","templated":true}]}}