{"id":57,"date":"2018-03-08T22:46:34","date_gmt":"2018-03-08T22:46:34","guid":{"rendered":"https:\/\/makeupsalon.eu\/?page_id=57"},"modified":"2021-10-31T11:16:00","modified_gmt":"2021-10-31T09:16:00","slug":"noelavaba-mesoteraapia","status":"publish","type":"page","link":"https:\/\/makeupsalon.eu\/fi\/noelavaba-mesoteraapia\/","title":{"rendered":"N\u00d5ELAVABA MESOTERAAPIA"},"content":{"rendered":"<p>n\u00f5elavaba mesoteraapia ehk mesoporatsioon on \u00fcks hinnatumaid n\u00e4o noorendamise meetodeid. See meditsiiniliselt t\u00f5estatud toimega hooldus aitab suurep\u00e4raselt v\u00e4hendada naha vananemisilminguid<\/p>\n<h4><span style=\"color: #f37e7e;\">FUSION MESOTHERAPY\u00a0<\/span><\/h4>\n<p>Kaasaegsetel tehnoloogiatel p\u00f5hinev efektiivne ent ohutu iluravi kontseptsioon. Fusion mesoteraapia on mitteinvasiivne ja t\u00e4ieti valutu. Spetsiaalsed mesokokteilid toimetatakse naharakkudesse ja s\u00fcvakihtidesse mesoporatsiooni abil. T\u00f5hus meetod naha noorendamiseks \u2013 kiireneb naharakkude loomulik uuenemisprotsess, v\u00e4henevad kortsud ning liigne pigmentasioon, \u00a0paraneb naha toonus, v\u00e4henevad oluliselt v\u00f5i kaovad silma\u00fcmbruse tursed ning tumedad silmaalused.<\/p>\n<p>Fusion fotostimulatsioon \u2013 erinevad valgusdioodid erinevate nahaprobleemide leevendamiseks ning parandamiseks. S<em>inine valgus<\/em>\u2013 sobib rasusele nahat\u00fc\u00fcbile ning aknele, on antibaketriaalse ehk p\u00f5letikuvastase toimega. P<em>unane valgus \u2013 <\/em>nahale, millel esinavad\u00a0vananemisilmingud, elastsuse v\u00e4henemine, peened jooned, kortsud, p\u00e4ikesekahjustused. <em>Roheline valgus<\/em> \u2013 aitab leevendada j\u00e4rgmisi probleeme \u2013 pigmendilaigud, punetus, \u00e4rritunud nahk, silma\u00fcmbruse tursed, tumedad silmaalused, naha toonuse v\u00e4henemine.<\/p>\n<h4>Fusion n\u00f5elavaba MESOTERAAPIA<\/h4>\n<div class=\"uvc-sub-heading ult-responsive\" data-ultimate-target=\".uvc-heading.ultimate-heading-67145a7aed9f929a2 .uvc-sub-heading \" data-responsive-json-new=\"{\">\n<p>Naha intensiivseks niisutamiseks ja seel\u00e4bi miimiliste kortsukeste tasandamiseks ning n\u00e4okontuuri pinguldamiseks viiakse hoolduse k\u00e4igus mesoporatsiooni abil naharakkudesse k\u00f5rgekvaliteedilist h\u00fcaruloonhapet.<\/p>\n<\/div>\n<p>N\u00f5elavaba mesoteraapia \u2013 n\u00e4gu \u2013 seerumi ja aktiivmaskiga 45.00 eur<\/p>\n<p>N\u00f5elavaba mesoteraapia \u2013 n\u00e4gu + kael \u2013 seerumi ja aktiivmaskiga 50.00 eur<\/p>\n<p>N\u00f5elavaba mesoteraapia \u2013 n\u00e4gu + kael + dekoltee \u2013 seerumi ja aktiivmaskiga 60.00 eur<\/p>\n<div class=\"uvc-main-heading ult-responsive\" data-ultimate-target=\".uvc-heading.ultimate-heading-94195a7aed9f92dd0 h2\" data-responsive-json-new=\"{\">\n<h4>Fusion n\u00f5elavaba MESOTERAAPIA koos FOTOSTIMULATSIOONIGA<\/h4>\n<\/div>\n<div class=\"uvc-sub-heading ult-responsive\" data-ultimate-target=\".uvc-heading.ultimate-heading-94195a7aed9f92dd0 .uvc-sub-heading \" data-responsive-json-new=\"{\">\n<p>Nahka niisutav, noorendav ja parandav teraapia. \u201cBlue PS \u2013 p\u00f5letikuvastane, sobib rasusele nahat\u00fc\u00fcbile, \u201cRed PS\u201d- vananemisilmingutega, v\u00e4henenud elastsusega ja p\u00e4ikesekahjustustega nahale, \u201cGreen PS\u201d- \u00e4rritunud, punetavale v\u00f5i toonuse kaotanud nahale, turses ja tumedatele silmaalustele.S\u00f5ltuvalt naha vajadustest on mesoteraapia kestvus \u00a010, 15 v\u00f5i 20 min.<\/p>\n<div class=\"uvc-main-heading ult-responsive\" data-ultimate-target=\".uvc-heading.ultimate-heading-43695a7aed9f931e6 h2\" data-responsive-json-new=\"{\">+ 10.00 eur<\/div>\n<div class=\"uvc-sub-heading ult-responsive\" data-ultimate-target=\".uvc-heading.ultimate-heading-43695a7aed9f931e6 .uvc-sub-heading \" data-responsive-json-new=\"{\">\n<p style=\"text-align: center;\">\n<\/div>\n<\/div>\n","protected":false},"excerpt":{"rendered":"<p>n\u00f5elavaba mesoteraapia ehk mesoporatsioon on \u00fcks hinnatumaid n\u00e4o noorendamise meetodeid. See meditsiiniliselt t\u00f5estatud toimega hooldus aitab suurep\u00e4raselt v\u00e4hendada naha vananemisilminguid FUSION MESOTHERAPY\u00a0 Kaasaegsetel tehnoloogiatel p\u00f5hinev efektiivne ent ohutu iluravi kontseptsioon&#8230;.<\/p>\n","protected":false},"author":1,"featured_media":60,"parent":0,"menu_order":0,"comment_status":"closed","ping_status":"closed","template":"","meta":{"inline_featured_image":false},"_links":{"self":[{"href":"https:\/\/makeupsalon.eu\/fi\/wp-json\/wp\/v2\/pages\/57"}],"collection":[{"href":"https:\/\/makeupsalon.eu\/fi\/wp-json\/wp\/v2\/pages"}],"about":[{"href":"https:\/\/makeupsalon.eu\/fi\/wp-json\/wp\/v2\/types\/page"}],"author":[{"embeddable":true,"href":"https:\/\/makeupsalon.eu\/fi\/wp-json\/wp\/v2\/users\/1"}],"replies":[{"embeddable":true,"href":"https:\/\/makeupsalon.eu\/fi\/wp-json\/wp\/v2\/comments?post=57"}],"version-history":[{"count":11,"href":"https:\/\/makeupsalon.eu\/fi\/wp-json\/wp\/v2\/pages\/57\/revisions"}],"predecessor-version":[{"id":2549,"href":"https:\/\/makeupsalon.eu\/fi\/wp-json\/wp\/v2\/pages\/57\/revisions\/2549"}],"wp:featuredmedia":[{"embeddable":true,"href":"https:\/\/makeupsalon.eu\/fi\/wp-json\/wp\/v2\/media\/60"}],"wp:attachment":[{"href":"https:\/\/makeupsalon.eu\/fi\/wp-json\/wp\/v2\/media?parent=57"}],"curies":[{"name":"wp","href":"https:\/\/api.w.org\/{rel}","templated":true}]}}