{"id":544,"date":"2018-09-26T16:48:54","date_gmt":"2018-09-26T16:48:54","guid":{"rendered":"https:\/\/makeupsalon.eu\/?page_id=544"},"modified":"2018-09-27T15:49:11","modified_gmt":"2018-09-27T15:49:11","slug":"microneedling-derma-pen","status":"publish","type":"page","link":"https:\/\/makeupsalon.eu\/fi\/microneedling-derma-pen\/","title":{"rendered":"Microneedling Derma Pen"},"content":{"rendered":"<p>\u201cMicroneedling Derma Pen\u201d &#8211; minimaalselt invasiivne kosmeetiline nahahoolduse meetod.<\/p>\n<p>Aitab t\u00f5husalt parandada kollageeni tootlikkust nahas ning on seet\u00f5ttu hinnatud vananemisvastne protseduur. Kollageen on loomulik nahastruktuuri proteiin, mis annab nahale elastuse ja toonuse. Vananedes kollageeni tootlikkus nahas v\u00e4heneb. Nahk kaotab ajapikku elastuse, toonus v\u00e4heneb, tekivad kortsud.<\/p>\n<p><em>Mikroneedlingu<\/em> efekt seisneb selles, et nahk t\u00f5stab kollageenitootlikkust, aidates seel\u00e4bi parandada mikroskoopilised n\u00f5elatorgetest tekkinud augukesed. Mikroneedlingu j\u00e4rgselt aktiveerub kiire loomulik nahakoe taastumine ning tehtud protseduuri t\u00f5husust saab hinnata juba paari n\u00e4dala jooksul.<\/p>\n<p>Tulemuse t\u00f5hustamiseks ning pikendamiseks on vaja viia l\u00e4bi mitu hooldust. Vastavalt nahat\u00fc\u00fcbile, selle seisukorrale ning eesm\u00e4rgile oskab teraapiat l\u00e4bi viiv kosmetoloog soovitada igale kliendile individuaalse ning sobiva korduste arvu.<\/p>\n<p><em>Mikroneedling<\/em> on oluliselt efektiivsem, samas aga nahka tunduvalt v\u00e4hem traumeeriv, kui <em>dermaroller <\/em>hooldus. <em>Dermaroller<\/em> j\u00e4tab nahale vigastused, mille paranemine v\u00f5ib l\u00f5ppeda armide tekkega.<\/p>\n<p><em>Mikroneedling<\/em> hooldus aitab parandada naha tekstuuri ja toonust, t\u00f5sta \u00a0elastsust. Loomulikul teel uuenenud nahk n\u00e4ib t\u00e4nu paranenud verevarustusele ka jumekam ning oluliselt nooruslikum. M\u00f5nel juhul on <em>mikroneedling<\/em>\u00a0 parim v\u00f5imalus edasi l\u00fckata kirurgilisi iluoperatsioone. Taastumisaeg on \u00fcldjuhul v\u00e4ga kiire, vaid paaril esimesel hoolduse j\u00e4rgsel p\u00e4eval v\u00f5ib nahapind olla \u00e4rritunud ja \u00f5hetav. Kindlasti tuleb v\u00e4ltida otsest p\u00e4ikest ning kasutada p\u00e4ikesekaitsekreemi. Vahetult hooldusele j\u00e4rgneval paaril p\u00e4eval on soovitav v\u00e4ltida ka saunas, kuumas vannis ning basseinis k\u00e4imist.<\/p>\n<p>Hooldus kestab ca 1 tund 15 min.<\/p>\n<p><em>Microneedling Derma Pen<\/em> hoolduse k\u00e4igus teostatakse naha pindmine puhastus, ens\u00fc\u00fcmkoorimine. personaalsele vajadusele vastav seerum enne ja p\u00e4rast Derma Pen faasi. Naha rahustamiseks, intensiivseks niisutamiseks ning vananemisvastaste protsesside k\u00e4ivitamiseks kantakse nahale spetsiaalne aktiivmask. Hooldus l\u00f5peb maski eemaldamisega ning kaitsva seerumi v\u00f5i kreemi kandmisega hooldatud piirkonnale.<\/p>\n<p><em>Microneedling Derma Pen<\/em> hoolduse hind 70.00 eur<\/p>\n<p>&nbsp;<\/p>\n<p>&nbsp;<\/p>\n","protected":false},"excerpt":{"rendered":"<p>\u201cMicroneedling Derma Pen\u201d &#8211; minimaalselt invasiivne kosmeetiline nahahoolduse meetod. Aitab t\u00f5husalt parandada kollageeni tootlikkust nahas ning on seet\u00f5ttu hinnatud vananemisvastne protseduur. Kollageen on loomulik nahastruktuuri proteiin, mis annab nahale elastuse&#8230;<\/p>\n","protected":false},"author":1,"featured_media":551,"parent":0,"menu_order":0,"comment_status":"closed","ping_status":"closed","template":"","meta":{"inline_featured_image":false},"_links":{"self":[{"href":"https:\/\/makeupsalon.eu\/fi\/wp-json\/wp\/v2\/pages\/544"}],"collection":[{"href":"https:\/\/makeupsalon.eu\/fi\/wp-json\/wp\/v2\/pages"}],"about":[{"href":"https:\/\/makeupsalon.eu\/fi\/wp-json\/wp\/v2\/types\/page"}],"author":[{"embeddable":true,"href":"https:\/\/makeupsalon.eu\/fi\/wp-json\/wp\/v2\/users\/1"}],"replies":[{"embeddable":true,"href":"https:\/\/makeupsalon.eu\/fi\/wp-json\/wp\/v2\/comments?post=544"}],"version-history":[{"count":15,"href":"https:\/\/makeupsalon.eu\/fi\/wp-json\/wp\/v2\/pages\/544\/revisions"}],"predecessor-version":[{"id":563,"href":"https:\/\/makeupsalon.eu\/fi\/wp-json\/wp\/v2\/pages\/544\/revisions\/563"}],"wp:featuredmedia":[{"embeddable":true,"href":"https:\/\/makeupsalon.eu\/fi\/wp-json\/wp\/v2\/media\/551"}],"wp:attachment":[{"href":"https:\/\/makeupsalon.eu\/fi\/wp-json\/wp\/v2\/media?parent=544"}],"curies":[{"name":"wp","href":"https:\/\/api.w.org\/{rel}","templated":true}]}}