{"id":53,"date":"2018-03-08T22:44:48","date_gmt":"2018-03-08T22:44:48","guid":{"rendered":"https:\/\/makeupsalon.eu\/?page_id=53"},"modified":"2021-11-13T14:19:23","modified_gmt":"2021-11-13T12:19:23","slug":"bdr-dermatseutilised-naohooldused","status":"publish","type":"page","link":"https:\/\/makeupsalon.eu\/fi\/bdr-dermatseutilised-naohooldused\/","title":{"rendered":"BDR DERMATSEUTILISED N\u00c4OHOOLDUSED"},"content":{"rendered":"<p><em>Dermatseutilised n\u00e4ohooldused \u2013 <\/em>kaasaegsetel efektiivsetel toimeainetel p\u00f5hinevad professionaalsed hooldused erinevate nahaprobleemide leevendamiseks ning lahendamiseks.<\/p>\n<p><em>Dermatseutiliste nahahooldusvahendite<\/em> toime on suunatud nii naha tervisele kui ilule \u2013 lisaks naha v\u00e4limuse parandamisele, omavad t\u00f5husat positiivset f\u00fcsioloogilist toimet rakutasandil. Kosmetoloogide kasutusse on j\u00f5udnud varasemalt ainult meditsiinis intensiivprotseduurides, ravi- ja rekonstruktiivsel eesm\u00e4rgil kasutusel olnud aktiivained. Dermatseutikumid kindlustavad salongihoolduste ning koduse hoolduse maksimaalse efektiivsuse ja p\u00fcsivama toime. Nanotehnoloogilised aktiivained annavad t\u00f5husama&nbsp;soovitud toime. sest imenduvad&nbsp;tavap\u00e4rastest olulisemalt kiiremini.<\/p>\n<p>Olulisel kohal on dermatseutilite hoolduste puhul t\u00e4iuslik, detailideni v\u00e4lja t\u00f6\u00f6tatud ning teadusp\u00f5histe histoloogiliste uuringutega t\u00f5estatud<em> bioloogilise peelingu&nbsp;s\u00fcsteem<\/em>. Erinevad s\u00fcgavuse ja intensiivsuse astmed p\u00f5hinevad erineva kontsentratsiooni (10-40%) ja pH-ga piim- ja sidrunhappe kompleksil ning v\u00e4ikesemolekulaarsel suhkruroost eraldatud gl\u00fckoolhappel. Bioloogilise koorimise s\u00fcsteemi muudavad t\u00e4iuslikuks spetsiaalsed ettevalmistavad ning taastavad ja hooldavad professionaalsed tooted.<\/p>\n<p><em>Peelinguj\u00e4rgsed aktiivmaskid<\/em> sisaldavad hinnalisi aktiivaineid- tagavad pikaajalise intensiivse niisutava ja taastava toime ning moodustavad nahale kaitsva mikrokile.<\/p>\n<p>Efektiivse positiivse tulemuse saavutamiseks on vajalik kuuri jooksul teha hoolduseid n\u00e4dalase vahega. <em>Hoolduskuur<\/em>\u2013 4-8 hooldust 7-10 p\u00e4evaste vahedega. Hoolduskuuri eesm\u00e4rk on taastada naha funktsioneerimine maksimaalsel v\u00f5imalikul tasemel \u2013 nahafunktsioonide aktiviseerimine l\u00e4bi toodete deposiittoime (toodetes sisladuvad aktiivainetest moodustuvad varud). Tulemused on aga ka koheselt n\u00e4htavad. <em>Prof\u00fclaktiline, s\u00e4ilitav, ennetav hooldus<\/em> \u2013 1 kord iga 4-5 n\u00e4dala m\u00f6\u00f6dudes. Eesm\u00e4rgiks on <em>hooldukuuri<\/em> tulemuse hoidmine, naturaalsete vananemisprotsesside aeglustamine, naha kvaliteedi hoidmine.<\/p>\n<p><em>Enne<\/em> dermatseutilist hooldust ei tohi k\u00e4ia solaariumis, teostada mehhaanilist koorimist, depileerimist, mitte kasutada vitamiini A sisaldavaid nahahooldustooteid ning v\u00e4hemalt 4 n\u00e4dalat peab olema m\u00f6\u00f6dunud Roaccutane kasutamisest.<\/p>\n<p>Dermatseutilitse hoolduste <em>j\u00e4rgselt <\/em>mitte p\u00e4evitada solaariumis ega loodusliku p\u00e4ikese k\u00e4es, mitte kasutada mineraal\u00f5li sisaldavaid hooldus- v\u00f5i meigitooteid, &nbsp;mitte kasutada t\u00e4iendavaid koorivaid tooteid.<\/p>\n<div class=\"ult-animation ult-animate-viewport ult-no-mobile \" data-animate=\"fadeInDown\" data-animation-delay=\"0\" data-animation-duration=\"1\" data-animation-iteration=\"1\" data-opacity_start_effect=\"\">\n<div id=\"ultimate-heading-70345a7ae3d3cb8f8\" class=\"uvc-heading ult-adjust-bottom-margin ultimate-heading-70345a7ae3d3cb8f8 uvc-2052 animated fadeInDown\" data-hspacer=\"no_spacer\" data-halign=\"center\">\n<h4><span style=\"color: #f37e7e;\">BDR<\/span><\/h4>\n<p><em>Beauty Defect Repair ehk iludefektide korrigeerimise meetod<\/em> on v\u00e4lja t\u00f6\u00f6tatud enam kui 30 aastase rikkaliku praktilise iluterapeudi<em>&nbsp;<\/em>kogemuse ja teadus-saavutuste p\u00f5hjal. BDR kontesptsiooni loojad Gabriela ja Helmut LaFontaine l\u00e4htusid otseselt klientide vajadusest t\u00f5husa teraapias\u00fcsteemi j\u00e4rele, mis tagaks iludefektide ja nahastruktuuri korrigeerimise, ei vajaks taastumisaega ning v\u00e4listaks soovimatud kaasuvad n\u00e4hud. BDR konteseptsiooni alustaladeks on dermatseutiline aktiivhooldusliin, nanotehnloogilised toimeained ning t\u00e4iusliku peelingu kontesptsioon. Juhtivateks m\u00e4rks\u00f5nadeks on iludefektide korrigeerimine, naha kvaliteedi parandamine ja stimulatsioon ning nooruslikkuse taastamine.<\/p>\n<\/div>\n<\/div>\n<div class=\"uvc-sub-heading ult-responsive\" data-ultimate-target=\".uvc-heading.ultimate-heading-70345a7ae3d3cb8f8 .uvc-sub-heading \" data-responsive-json-new=\"{\">\n<div class=\"uvc-main-heading ult-responsive\" data-ultimate-target=\".uvc-heading.ultimate-heading-10205a7ae3d3cbd44 h2\" data-responsive-json-new=\"{\">\n<h4>Bioloogiline peeling NATURAL<\/h4>\n<\/div>\n<div class=\"uvc-sub-heading ult-responsive\" data-ultimate-target=\".uvc-heading.ultimate-heading-10205a7ae3d3cbd44 .uvc-sub-heading \" data-responsive-json-new=\"{\">\n<p>Piim- ja sidrunhappe koorival kokteilil p\u00f5hinev intensiivhooldus kuivale nahale kortsude tasandamiseks, p\u00e4ikesekahjustuste eemaldamiseks ning naha noorendamiseks. Peelinguj\u00e4rgne aktiivmask vastavalt naha hetkevajadustele &nbsp;&#8211; &nbsp; &nbsp;1 tund &nbsp;45.00 eur<\/p>\n<p>Bioloogiline peeling NATURAL n\u00e4o- ja kaelamassaa\u017eiga &nbsp;ning aktiivmaskiga &nbsp;1,5 tundi &nbsp;60.00 eur<\/p>\n<p>Bioloogiline peeling NATURAL n\u00f5elavaba mesoteraapiaga ja aktiivmaskiga &nbsp;1 tund &nbsp;60.00 eur<\/p>\n<\/div>\n<h4>Bioloogiline peeling DEEP<\/h4>\n<\/div>\n<div class=\"uvc-sub-heading ult-responsive\" data-ultimate-target=\".uvc-heading.ultimate-heading-77455a7ae3d3cbf72 .uvc-sub-heading \" data-responsive-json-new=\"{\">\n<p>Gl\u00fckoolhappel p\u00f5hinev intensiivhooldus rasusele, suurepoorilisele, stressin\u00e4htudega nahale \u2013 tasakaalustav ning noorendav. Peelinguj\u00e4rgne aktiivmask vastavalt naha hetkevajadustele &nbsp; &#8211; &nbsp; 1 tund 45.00 eur<\/p>\n<p>Bioloogiline peeling DEEP n\u00f5elavaba mesoteraapiaga ja aktiivmaskiga &nbsp;1 tund &nbsp;60.00 eur<\/p>\n<\/div>\n<div class=\"uvc-sub-heading ult-responsive\" data-ultimate-target=\".uvc-heading.ultimate-heading-28965a7ae3d3cc2f5 .uvc-sub-heading \" data-responsive-json-new=\"{\">\n<p style=\"text-align: center;\">\n<\/div>\n","protected":false},"excerpt":{"rendered":"<p>Dermatseutilised n\u00e4ohooldused \u2013 kaasaegsetel efektiivsetel toimeainetel p\u00f5hinevad professionaalsed hooldused erinevate nahaprobleemide leevendamiseks ning lahendamiseks. Dermatseutiliste nahahooldusvahendite toime on suunatud nii naha tervisele kui ilule \u2013 lisaks naha v\u00e4limuse parandamisele, omavad&#8230;<\/p>\n","protected":false},"author":1,"featured_media":56,"parent":0,"menu_order":0,"comment_status":"closed","ping_status":"closed","template":"","meta":{"inline_featured_image":false},"_links":{"self":[{"href":"https:\/\/makeupsalon.eu\/fi\/wp-json\/wp\/v2\/pages\/53"}],"collection":[{"href":"https:\/\/makeupsalon.eu\/fi\/wp-json\/wp\/v2\/pages"}],"about":[{"href":"https:\/\/makeupsalon.eu\/fi\/wp-json\/wp\/v2\/types\/page"}],"author":[{"embeddable":true,"href":"https:\/\/makeupsalon.eu\/fi\/wp-json\/wp\/v2\/users\/1"}],"replies":[{"embeddable":true,"href":"https:\/\/makeupsalon.eu\/fi\/wp-json\/wp\/v2\/comments?post=53"}],"version-history":[{"count":28,"href":"https:\/\/makeupsalon.eu\/fi\/wp-json\/wp\/v2\/pages\/53\/revisions"}],"predecessor-version":[{"id":2646,"href":"https:\/\/makeupsalon.eu\/fi\/wp-json\/wp\/v2\/pages\/53\/revisions\/2646"}],"wp:featuredmedia":[{"embeddable":true,"href":"https:\/\/makeupsalon.eu\/fi\/wp-json\/wp\/v2\/media\/56"}],"wp:attachment":[{"href":"https:\/\/makeupsalon.eu\/fi\/wp-json\/wp\/v2\/media?parent=53"}],"curies":[{"name":"wp","href":"https:\/\/api.w.org\/{rel}","templated":true}]}}