{"id":47,"date":"2018-03-08T22:40:14","date_gmt":"2018-03-08T22:40:14","guid":{"rendered":"https:\/\/makeupsalon.eu\/?page_id=47"},"modified":"2021-10-31T11:18:24","modified_gmt":"2021-10-31T09:18:24","slug":"massaaziga-naohooldused","status":"publish","type":"page","link":"https:\/\/makeupsalon.eu\/fi\/massaaziga-naohooldused\/","title":{"rendered":"MASSAA\u017dIGA N\u00c4OHOOLDUSED"},"content":{"rendered":"<p><em>N\u00e4ohooldused\u00a0massaa\u017eiga \u2013 t\u00f5eline klassika.<\/em>\u00a0Kaasaegsetel toimeainetel p\u00f5hinevad tippkvaliteediga hooldustooted ning \u00a0ohutu ja naturaalset energiat tulvil k\u00e4simassaa\u017e\u00a0on t\u00f5estatult t\u00f5hus. Massaa\u017e kiirendab vereringet ja ainevahetust, t\u00f5stab naha elastust ja l\u00f5\u00f5gastab. Klassikaline massa\u017e kuulub vanimate raviviiside hilka, on saanud ametliku arstiteaduse \u00f5nnistuse ja seda\u00a0kasutatakse \u00fcldise tugevdava ravimeetodina. Massaa\u017ei toime ulatub k\u00f5igisse naha kihtidesse \u2013 epidermisesse, dermisesse ning isegi subcutisesse ehk aluskihti, kus paiknevad n\u00e4oovaali toetavad ning vormivad lihased. Proffessionaalselt teostatud kosmeetiline massaa\u017e on \u00fcks paremaid\u00a0v\u00f5imalusi \u00a0n\u00e4onaha nooruslikkuse alal hoidmiseks v\u00f5i taastamiseks.<\/p>\n<h4><span style=\"color: #f37e7e;\">SOTHYS<\/span><\/h4>\n<p>K\u00f5rgeimate standardite j\u00e4rgi loodud \u00a0prantsuse professionaalne kosmeetikasari.\u00a0Prantsusmaa on k\u00f5rgkvaliteetsete kosmeetikatoodete ning n\u00e4omassaa\u017ei maa. Seega on ka Sothys teinud panused just mitteinvasiivsete hoolduste v\u00e4ljat\u00f6\u00f6tamisse, olles veendunud, et loomulikust energiast pakatav massaa\u017e ning kaasaegsed innovaatilised tooted aitavad ohutult ja t\u00f5husalt s\u00e4ilitada naha ilu. Hooldustes kasutatakse nii klassikalist, kui spetsiaalset Sothys Digi-Esth\u00e9tique \u00a0massaa\u017ei, mis on v\u00e4lja t\u00f6\u00f6tatud kombineerides omavahel\u00a0orientaalset ja l\u00e4\u00e4nelikku \u00a0massaa\u017eitehnikat. Sothys Digi- Esth\u00e9tique massaa\u017ei abil saavutatakse meeldiv l\u00f5\u00f5gastus ja seel\u00e4bi\u00a0tasakaal keha ning\u00a0vaimu vahel. Sothys toodetes on kasutatud tipptehnoloogilisi kaasaegseid toimeaineid, mis on t\u00f5estatult ohutud, ent v\u00e4ga h\u00e4id tulemusi andvad. Silmn\u00e4htavad tulemused on v\u00f5imalik saavutada hoolduse j\u00e4rgselt,\u00a0et aga saavutatut p\u00fcsivalt s\u00e4ilitada on m\u00e4rks\u00f5naks regulaarsus.<\/p>\n<h4>Niisutav hooldus<\/h4>\n<div class=\"uvc-sub-heading ult-responsive\" data-ultimate-target=\".uvc-heading.ultimate-heading-53735a7aed09f353f .uvc-sub-heading \" data-responsive-json-new=\"{\">\n<p>Meeldivalt v\u00e4rskendav \u00a0hooldus. Sisaldab peelingut, toniseerivat n\u00e4o, kaela ja \u00f5lav\u00f6\u00f6tme k\u00e4simassaa\u017ei ja niisutavat kreem-maski.<\/p>\n<p>1,5 tundi<\/p>\n<p>45.00 \u00a0eur<\/p>\n<div class=\"uvc-main-heading ult-responsive\" data-ultimate-target=\".uvc-heading.ultimate-heading-76815a7aed0a00653 h2\" data-responsive-json-new=\"{\">\n<h4>Noorendav hooldus<\/h4>\n<\/div>\n<div class=\"uvc-sub-heading ult-responsive\" data-ultimate-target=\".uvc-heading.ultimate-heading-76815a7aed0a00653 .uvc-sub-heading \" data-responsive-json-new=\"{\">\n<p>Naha jumekust ja s\u00e4ra taastav hooldus. Sisaldab peelingut, trimmivat n\u00e4o, kaela ja \u00f5lav\u00f6\u00f6tmemassaa\u017ei ning siluvat \u00a0kreem-maski.<\/p>\n<p>1,5 tundi<\/p>\n<p>45.00 \u00a0eur<\/p>\n<\/div>\n<div class=\"uvc-main-heading ult-responsive\" data-ultimate-target=\".uvc-heading.ultimate-heading-33555a7aed0a003a6 h2\" data-responsive-json-new=\"{\">\n<h4>Hooajaline erihooldus<\/h4>\n<\/div>\n<div class=\"uvc-sub-heading ult-responsive\" data-ultimate-target=\".uvc-heading.ultimate-heading-33555a7aed0a003a6 .uvc-sub-heading \" data-responsive-json-new=\"{\">\n<p>Unikaalne Sothyse <em>hooajaline (kevad-suvi v\u00f5i\u00a0s\u00fcgis-talv)\u00a0<\/em>n\u00e4ohooldus. Sisaldab peelingut, n\u00e4o- ja kaelamassaa\u017ei, s\u00e4ra lisavat seerumit ja kreem-maski ning trimmivat maski.<\/p>\n<p>1,5 tundi<\/p>\n<p>50.00 \u00a0eur<\/p>\n<\/div>\n<div class=\"uvc-main-heading ult-responsive\" data-ultimate-target=\".uvc-heading.ultimate-heading-17935a7aed0a00142 h2\" data-responsive-json-new=\"{\"><\/div>\n<h4 class=\"uvc-main-heading ult-responsive\" data-ultimate-target=\".uvc-heading.ultimate-heading-17935a7aed0a00142 h2\" data-responsive-json-new=\"{\">HYDRA <sub>3<\/sub>Ha \u2013 s\u00fcgavniisutav h\u00fcaruloonhappega intensiivhooldus<\/h4>\n<div class=\"uvc-sub-heading ult-responsive\" data-ultimate-target=\".uvc-heading.ultimate-heading-17935a7aed0a00142 .uvc-sub-heading \" data-responsive-json-new=\"{\">\n<div class=\"uvc-sub-heading ult-responsive\" data-ultimate-target=\".uvc-heading.ultimate-heading-34765a7aed0a008d2 .uvc-sub-heading \" data-responsive-json-new=\"{\">\n<p>Luksuslik h\u00fcaluroonhapet ja aktiivainena patendeeritud eksklusiivset boletuse ekstrakti ning Sothys Digi-Est\u00e9tique k\u00e4simassaa\u017ei sisaldav hooldus. Taastab naha niiskustasakaalu ja pidurdab vananemisimlminguid.<\/p>\n<p>1,5 tundi<\/p>\n<p>80.00 eur<\/p>\n<div class=\"uvc-main-heading ult-responsive\" data-ultimate-target=\".uvc-heading.ultimate-heading-36495a7aed09f40e9 h2\" data-responsive-json-new=\"{\">\n<h4>DETOX ENERGIE <em><sup>TM &#8211;<\/sup><\/em>Energizing \u00a0&#8211; noorendav, jumet parandav hooldus<\/h4>\n<\/div>\n<div class=\"uvc-sub-heading ult-responsive\" data-ultimate-target=\".uvc-heading.ultimate-heading-36495a7aed09f40e9 .uvc-sub-heading \" data-responsive-json-new=\"{\">\n<p>Intensiivselt noorendav erihooldus. Sobib k\u00f5ikidele nahat\u00fc\u00fcpidele. Sisaldab unikaalset Sothys Digi-Est\u00e9tique nahka pinguldavat k\u00e4simassaa\u017ei, Siberi \u017een\u017eenni balsamit ning \u00a0trimmivat ja jumet parandavat &#8220;Double Energy&#8221; maski.<\/p>\n<p>1,5 tundi<\/p>\n<p>80.00 \u00a0eur<\/p>\n<\/div>\n<\/div>\n<\/div>\n<div class=\"uvc-sub-heading ult-responsive\" data-ultimate-target=\".uvc-heading.ultimate-heading-17935a7aed0a00142 .uvc-sub-heading \" data-responsive-json-new=\"{\">\n<div class=\"uvc-sub-heading ult-responsive\" data-ultimate-target=\".uvc-heading.ultimate-heading-34765a7aed0a008d2 .uvc-sub-heading \" data-responsive-json-new=\"{\">\n<h4><span style=\"color: #f37e7e;\">BIODROGA<\/span><\/h4>\n<p>BIODROGA\u00a0on esmaklassiline Saksa p\u00e4ritolu nahahooldussari. Esimesed kreemid\u00a0\u00a0j\u00f5udsid klientideni \u00a055 aastat tagasi. K\u00f5rgtehnoloogilised komponendid t\u00f6\u00f6tatakse v\u00e4lja \u00a0 Baden \u2013 Badeni laboratooriumites . K\u00f5ik sarja toorained on pidevalt\u00a0kontrollitud Saksa teadlaste ning dermatoloogide poolt ning k\u00f5ik tooded valmivad kohapealses\u00a0tehases Saksamaal.<\/p>\n<p>Biodroga tehnoloogide poolt v\u00e4lja t\u00f6\u00f6tatud Caviar tooteliin on saanud siidise, s\u00e4rava ning heas toonuses naha s\u00fcnon\u00fc\u00fcmiks. Hoolikalt valitud komponendid ning Anti-Age toodeliini delikaatsed tekstuurid on lukuslikud ja m\u00fcstilised. 2017 aastal nomineeriti Golden Caviar \u00a0mask auhinnale Anti-Ageing Beauty Award 2017.<\/p>\n<p>Golden Caviar Age Reverse hooldus niisutab intensiivselt ning rikastab nahka siluvate lipiididega. Aktiveerub naha loomulik uuenemisprotsess ning t\u00f5useb\u00a0kollageeni tootlikkus, mis aitab taastada naha elastuse. Hoolduse j\u00e4rgselt on nahk siidpehme, t\u00e4iuslikult klaar ning puhanud.<\/p>\n<h4>Golden Caviar Age Reverse<\/h4>\n<div class=\"uvc-sub-heading ult-responsive\" data-ultimate-target=\".uvc-heading.ultimate-heading-53735a7aed09f353f .uvc-sub-heading \" data-responsive-json-new=\"{\">\n<p>Kiiretoimelise niisutava ja pinguldava toimega hooldus. Sisaldab peelingut,\u00a0luksulikku kaaviari seerumit,\u00a0toniseerivat k\u00e4simassaa\u017ei ja rikkalikku sametist\u00a0kreem-maski.\u00a0Maskis sisalduvad kontsentreeritud kaaviari ekstrakt, peptiidid ja h\u00fcaluroonhape hooldavad nahka t\u00f5husalt. Naha niisutatus paraneb oluliselt ning kuivusjooned ja kortsud v\u00e4henevad. Nahk muutub \u00fche hooldusega m\u00e4rgatavalt v\u00e4rskemaks, jumekamaks ja nooruslikumaks.<\/p>\n<p>1,5 tundi<\/p>\n<p>50.00\u00a0eur<\/p>\n<\/div>\n<p style=\"text-align: center;\">\n<\/div>\n<\/div>\n<\/div>\n","protected":false},"excerpt":{"rendered":"<p>N\u00e4ohooldused\u00a0massaa\u017eiga \u2013 t\u00f5eline klassika.\u00a0Kaasaegsetel toimeainetel p\u00f5hinevad tippkvaliteediga hooldustooted ning \u00a0ohutu ja naturaalset energiat tulvil k\u00e4simassaa\u017e\u00a0on t\u00f5estatult t\u00f5hus. Massaa\u017e kiirendab vereringet ja ainevahetust, t\u00f5stab naha elastust ja l\u00f5\u00f5gastab. Klassikaline massa\u017e kuulub&#8230;<\/p>\n","protected":false},"author":1,"featured_media":51,"parent":0,"menu_order":0,"comment_status":"closed","ping_status":"closed","template":"","meta":{"inline_featured_image":false},"_links":{"self":[{"href":"https:\/\/makeupsalon.eu\/fi\/wp-json\/wp\/v2\/pages\/47"}],"collection":[{"href":"https:\/\/makeupsalon.eu\/fi\/wp-json\/wp\/v2\/pages"}],"about":[{"href":"https:\/\/makeupsalon.eu\/fi\/wp-json\/wp\/v2\/types\/page"}],"author":[{"embeddable":true,"href":"https:\/\/makeupsalon.eu\/fi\/wp-json\/wp\/v2\/users\/1"}],"replies":[{"embeddable":true,"href":"https:\/\/makeupsalon.eu\/fi\/wp-json\/wp\/v2\/comments?post=47"}],"version-history":[{"count":11,"href":"https:\/\/makeupsalon.eu\/fi\/wp-json\/wp\/v2\/pages\/47\/revisions"}],"predecessor-version":[{"id":2553,"href":"https:\/\/makeupsalon.eu\/fi\/wp-json\/wp\/v2\/pages\/47\/revisions\/2553"}],"wp:featuredmedia":[{"embeddable":true,"href":"https:\/\/makeupsalon.eu\/fi\/wp-json\/wp\/v2\/media\/51"}],"wp:attachment":[{"href":"https:\/\/makeupsalon.eu\/fi\/wp-json\/wp\/v2\/media?parent=47"}],"curies":[{"name":"wp","href":"https:\/\/api.w.org\/{rel}","templated":true}]}}