{"id":31,"date":"2018-03-08T22:32:38","date_gmt":"2018-03-08T22:32:38","guid":{"rendered":"https:\/\/makeupsalon.eu\/?page_id=31"},"modified":"2021-10-31T12:34:42","modified_gmt":"2021-10-31T10:34:42","slug":"uus","status":"publish","type":"page","link":"https:\/\/makeupsalon.eu\/fi\/uus\/","title":{"rendered":"UUS"},"content":{"rendered":"\n<p><\/p>\n\n\n<h4>\u00a0<\/h4>\n<h3 class=\"has-vivid-red-color has-text-color\">P\u00dcSIMEIK 2021 aasta l\u00f5puni meister <em>Aleksandra<\/em> juures soodushinnaga<\/h3>\n<p class=\"has-medium-font-size\">KULMUDE P\u00dcSIMEIK \u2013 <em>hajutamistehnikaga<\/em> \u2013 soodushind 170.00 eur (tav. 200.00 eur)<\/p>\n<p class=\"has-medium-font-size\">HUULTE P\u00dcSIMEIK \u2013 <em>t\u00e4ielik katmine<\/em> \u2013 soodushind 170.00 eur (tav.200.00)<\/p>\n<p class=\"has-medium-font-size\">SILMADE P\u00dcSIMEIK \u2013 <em>ripsmetevaheline ala<\/em> \u2013 soodushind 90.00 eur (tav. 120.00)<\/p>\n<p>\u00a0<\/p>\n<h4><span style=\"color: #f78383;\">Ideaalsed k\u00fc\u00fcned KOMBINEERITUD MANIK\u00dc\u00dcRIGA<\/span><\/h4>\n<p>Hooldus sisaldab klassikalist manik\u00fc\u00fcri ning k\u00fc\u00fcnte katmist spetsiaalse k\u00fc\u00fcnt tugevdava hooldusgeeliga, Geel aitab tasandada ja \u00fchtlustada k\u00fc\u00fcne pinda, peidab ebatasasused ning k\u00fc\u00fcnedefektid. Hoolduse hind veebruaris 25.00 eur (tavahind 30.00 eur)<\/p>\n<p>\u00a0<\/p>\n<h4>\u00a0<\/h4>\n<h4>\u00a0<\/h4>\n<h4><span style=\"color: #f78383;\">KOHAL SOTHYS hooajahooldus kevad\/suvi 2019<\/span><\/h4>\n<p><img decoding=\"async\" loading=\"lazy\" class=\"alignnone size-large wp-image-890\" src=\"https:\/\/makeupsalon.eu\/wp-content\/uploads\/2019\/03\/S.kevad_.2019-1024x725.jpg\" alt=\"\" width=\"1024\" height=\"725\" srcset=\"https:\/\/makeupsalon.eu\/wp-content\/uploads\/2019\/03\/S.kevad_.2019-1024x725.jpg 1024w, https:\/\/makeupsalon.eu\/wp-content\/uploads\/2019\/03\/S.kevad_.2019-300x213.jpg 300w, https:\/\/makeupsalon.eu\/wp-content\/uploads\/2019\/03\/S.kevad_.2019-768x544.jpg 768w, https:\/\/makeupsalon.eu\/wp-content\/uploads\/2019\/03\/S.kevad_.2019-1170x829.jpg 1170w, https:\/\/makeupsalon.eu\/wp-content\/uploads\/2019\/03\/S.kevad_.2019-600x425.jpg 600w, https:\/\/makeupsalon.eu\/wp-content\/uploads\/2019\/03\/S.kevad_.2019.jpg 1200w\" sizes=\"(max-width: 1024px) 100vw, 1024px\" \/><\/p>\n<h4>\u00a0<\/h4>\n<h4>\u00a0<\/h4>\n<h4><span style=\"color: #f78383;\">MICRONEEDLING DERMA PEN<\/span><\/h4>\n<div class=\"post-excerpt\">\n<p>\u201cMicroneedling Derma Pen\u201d \u2013 minimaalselt invasiivne kosmeetiline nahahoolduse meetod.<\/p>\n<p>Aitab t\u00f5husalt parandada kollageeni tootlikkust nahas ning on seet\u00f5ttu hinnatud vananemisvastne protseduur. Kollageen on loomulik nahastruktuuri proteiin, mis annab nahale elastuse ja toonuse. Vananedes kollageeni tootlikkus nahas v\u00e4heneb. Nahk kaotab ajapikku elastuse, toonus v\u00e4heneb, tekivad kortsud.<\/p>\n<p><em>Mikroneedlingu<\/em> efekt seisneb selles, et nahk t\u00f5stab kollageenitootlikkust, aidates seel\u00e4bi parandada mikroskoopilised n\u00f5elatorgetest tekkinud augukesed. Mikroneedlingu j\u00e4rgselt aktiveerub kiire loomulik nahakoe taastumine ning tehtud protseduuri t\u00f5husust saab hinnata juba paari n\u00e4dala jooksul.<\/p>\n<p>Tulemuse t\u00f5hustamiseks ning pikendamiseks on vaja viia l\u00e4bi mitu hooldust. Vastavalt nahat\u00fc\u00fcbile, selle seisukorrale ning eesm\u00e4rgile oskab teraapiat l\u00e4bi viiv kosmetoloog soovitada igale kliendile individuaalse ning sobiva korduste arvu.<\/p>\n<p><em>Mikroneedling<\/em> on oluliselt efektiivsem, samas aga nahka tunduvalt v\u00e4hem traumeeriv, kui <em>dermaroller <\/em>hooldus. <em>Dermaroller<\/em> j\u00e4tab nahale vigastused, mille paranemine v\u00f5ib l\u00f5ppeda armide tekkega.<\/p>\n<p><em>Mikroneedling<\/em> hooldus aitab parandada naha tekstuuri ja toonust, t\u00f5sta \u00a0elastsust. Loomulikul teel uuenenud nahk n\u00e4ib t\u00e4nu paranenud verevarustusele ka jumekam ning oluliselt nooruslikum. M\u00f5nel juhul on <em>mikroneedling<\/em>\u00a0 parim v\u00f5imalus edasi l\u00fckata kirurgilisi iluoperatsioone. Taastumisaeg on \u00fcldjuhul v\u00e4ga kiire, vaid paaril esimesel hoolduse j\u00e4rgsel p\u00e4eval v\u00f5ib nahapind olla \u00e4rritunud ja \u00f5hetav. Kindlasti tuleb v\u00e4ltida otsest p\u00e4ikest ning kasutada p\u00e4ikesekaitsekreemi. Vahetult hooldusele j\u00e4rgneval paaril p\u00e4eval on soovitav v\u00e4ltida ka saunas, kuumas vannis ning basseinis k\u00e4imist.<\/p>\n<p>Hooldus kestab ca 1 tund 15 min.<\/p>\n<p><em>Microneedling Derma Pen<\/em> hoolduse k\u00e4igus teostatakse naha pindmine puhastus, ens\u00fc\u00fcmkoorimine. personaalsele vajadusele vastav seerum enne ja p\u00e4rast Derma Pen faasi. Naha rahustamiseks, intensiivseks niisutamiseks ning vananemisvastaste protsesside k\u00e4ivitamiseks kantakse nahale spetsiaalne aktiivmask. Hooldus l\u00f5peb maski eemaldamisega ning kaitsva seerumi v\u00f5i kreemi kandmisega hooldatud piirkonnale.<\/p>\n<p><em>Microneedling Derma Pen<\/em> hoolduse hind 70.00 eur<\/p>\n<p>\u00a0<\/p>\n<p style=\"text-align: center;\">&#8230;<\/p>\n<h4>\u00a0<\/h4>\n<h4><span style=\"color: #f78383;\">EVO OXY K\u00dc\u00dcNEHOOLDUS<\/span><img decoding=\"async\" loading=\"lazy\" class=\"wp-image-647 alignright\" src=\"https:\/\/makeupsalon.eu\/wp-content\/uploads\/2018\/10\/evo2-300x200.jpg\" alt=\"\" width=\"400\" height=\"275\" \/><\/h4>\n<p>EVO &#8211; <em>hapnikuga rikastatud geellakiga k\u00fc\u00fcnehooldus.<\/em><\/p>\n<p>EVO<strong> eelised:<\/strong><\/p>\n<ul>\n<li>ei vaja k\u00fc\u00fcneplaadi karestamist mehaaniliselt ega keemiliselt<\/li>\n<li>tolmuvaba ja puhas<\/li>\n<li>hapnikuga rikastatud geel annab k\u00fc\u00fcneplaadile v\u00f5imaluse hingata<\/li>\n<li>v\u00e4ga hea p\u00fcsivus<\/li>\n<li>meditsiiniliselt kontrollitud<\/li>\n<\/ul>\n<h4>\u00a0<\/h4>\n<\/div>\n<h4>\u00a0<\/h4>\n<h4>\u00a0<\/h4>\n<div class=\"uvc-sub-heading ult-responsive\" data-ultimate-target=\".uvc-heading.ultimate-heading-53735a7aed09f353f .uvc-sub-heading \" data-responsive-json-new=\"{\">\u00a0<\/div>\n<div class=\"uvc-sub-heading ult-responsive\" data-ultimate-target=\".uvc-heading.ultimate-heading-53735a7aed09f353f .uvc-sub-heading \" data-responsive-json-new=\"{\">\u00a0<\/div>\n<div class=\"uvc-sub-heading ult-responsive\" data-ultimate-target=\".uvc-heading.ultimate-heading-34765a7aed0a008d2 .uvc-sub-heading \" data-responsive-json-new=\"{\">\n<p style=\"text-align: center;\">\u00a0<\/p>\n<\/div>","protected":false},"excerpt":{"rendered":"<p>\u00a0 P\u00dcSIMEIK 2021 aasta l\u00f5puni meister Aleksandra juures soodushinnaga KULMUDE P\u00dcSIMEIK \u2013 hajutamistehnikaga \u2013 soodushind 170.00 eur (tav. 200.00 eur) HUULTE P\u00dcSIMEIK \u2013 t\u00e4ielik katmine \u2013 soodushind 170.00 eur (tav.200.00)&#8230;<\/p>\n","protected":false},"author":1,"featured_media":0,"parent":0,"menu_order":0,"comment_status":"closed","ping_status":"closed","template":"","meta":{"inline_featured_image":false},"_links":{"self":[{"href":"https:\/\/makeupsalon.eu\/fi\/wp-json\/wp\/v2\/pages\/31"}],"collection":[{"href":"https:\/\/makeupsalon.eu\/fi\/wp-json\/wp\/v2\/pages"}],"about":[{"href":"https:\/\/makeupsalon.eu\/fi\/wp-json\/wp\/v2\/types\/page"}],"author":[{"embeddable":true,"href":"https:\/\/makeupsalon.eu\/fi\/wp-json\/wp\/v2\/users\/1"}],"replies":[{"embeddable":true,"href":"https:\/\/makeupsalon.eu\/fi\/wp-json\/wp\/v2\/comments?post=31"}],"version-history":[{"count":57,"href":"https:\/\/makeupsalon.eu\/fi\/wp-json\/wp\/v2\/pages\/31\/revisions"}],"predecessor-version":[{"id":2580,"href":"https:\/\/makeupsalon.eu\/fi\/wp-json\/wp\/v2\/pages\/31\/revisions\/2580"}],"wp:attachment":[{"href":"https:\/\/makeupsalon.eu\/fi\/wp-json\/wp\/v2\/media?parent=31"}],"curies":[{"name":"wp","href":"https:\/\/api.w.org\/{rel}","templated":true}]}}