{"id":28,"date":"2018-03-08T22:31:30","date_gmt":"2018-03-08T22:31:30","guid":{"rendered":"https:\/\/makeupsalon.eu\/?page_id=28"},"modified":"2023-08-05T11:02:24","modified_gmt":"2023-08-05T08:02:24","slug":"hinnakiri","status":"publish","type":"page","link":"https:\/\/makeupsalon.eu\/fi\/hinnakiri\/","title":{"rendered":"HINNAKIRI"},"content":{"rendered":"\n<div class=\"is-layout-flex wp-container-2 wp-block-columns\">\n<div class=\"is-layout-flow wp-block-column\"><\/div>\n<\/div>\n\n\n\n<hr class=\"wp-block-separator has-text-color has-white-color has-css-opacity has-white-background-color has-background is-style-dots\"\/>\n\n\n\n<div class=\"is-layout-flex wp-container-10 wp-block-columns\">\n<div class=\"is-layout-flow wp-block-column\">\n<div class=\"is-layout-flex wp-container-8 wp-block-columns\">\n<div class=\"is-layout-flow wp-block-column\">\n<h1 class=\"has-vivid-red-color has-text-color has-medium-font-size\">UUS! P\u00fcsimeik<\/h1>\n\n\n\n<div class=\"is-layout-flex wp-container-6 wp-block-columns\">\n<div class=\"is-layout-flow wp-block-column\">\n<p>KULMUDE P\u00dcSIMEIK <em>hajutamistehnikaga<\/em>  <\/p>\n\n\n\n<p>200.00 eur (2,5 tundi) <strong>soodushind<\/strong> <strong>170.00 eur<\/strong><\/p>\n\n\n\n<p>Kulmude p\u00fcsimeigi korrektsioon<\/p>\n\n\n\n<ul>\n<li>kahe kuu jooksul 70.00 eur<\/li>\n\n\n\n<li>kahe kuu kuni kahe aasta jooksul 120.00 eur<\/li>\n<\/ul>\n<\/div>\n\n\n\n<div class=\"is-layout-flow wp-block-column\">\n<p>HUULTE P\u00dcSIMEIK <em>t\u00e4ielik katmine<\/em><\/p>\n\n\n\n<p>200.00 eur (2,5 tundi) <strong>soodushind<\/strong> <strong>170.00 eur<\/strong><\/p>\n\n\n\n<p>Huulte p\u00fcsimeigi korrektsioon<\/p>\n\n\n\n<ul>\n<li>kahe kuu jooksul 70.00 eur<\/li>\n\n\n\n<li>kahe kuu kuni kahe aasta jooksul 120.00 eur<\/li>\n<\/ul>\n<\/div>\n\n\n\n<div class=\"is-layout-flow wp-block-column\">\n<p>SILMADE P\u00dcSIMEIK <em>ripsmevaheline ala<\/em><\/p>\n\n\n\n<p>120.00 eur (1 tund) <strong>soodushind 90.00 eur<\/strong><\/p>\n\n\n\n<p>Silmade p\u00fcsimeigi korrektsioon<\/p>\n\n\n\n<ul>\n<li>kahe kuu jooksul 50.00 eur<\/li>\n\n\n\n<li>kahe kuu kuni kahe aasta jooksul 80.00 eur<\/li>\n<\/ul>\n<\/div>\n<\/div>\n\n\n\n<p><\/p>\n<\/div>\n<\/div>\n<\/div>\n<\/div>\n\n\n\n<div class=\"is-layout-flex wp-container-14 wp-block-columns\">\n<div class=\"is-layout-flow wp-block-column has-vivid-red-color has-text-color\">\n<h2 class=\"has-text-align-left has-vivid-red-color has-text-color has-medium-font-size\">SOTHYS n\u00e4ohooldused<\/h2>\n\n\n\n<p class=\"has-text-align-left has-black-color has-text-color\"><em>klassikalise massaa\u017eiga<\/em><\/p>\n\n\n\n<p class=\"has-text-align-left has-black-color has-text-color\">NIISUTAV n\u00e4ohooldus 55.00 eur<\/p>\n\n\n\n<p class=\"has-text-align-left has-black-color has-text-color\">NOORENDAV n\u00e4ohooldus  55.00 eur<\/p>\n\n\n\n<p class=\"has-text-align-left has-black-color has-text-color\">HOOAJALINE n\u00e4ohooldus 65.00 eur<\/p>\n<\/div>\n\n\n\n<div class=\"is-layout-flow wp-block-column\">\n<h2 class=\"has-text-align-left has-vivid-red-color has-text-color has-medium-font-size\">BDR n\u00e4ohooldused<\/h2>\n\n\n\n<p class=\"has-text-align-left\"><em>dermatseutilised<\/em><\/p>\n\n\n\n<p class=\"has-text-align-left\">BIOLOOGILINE PEELING  55.00 eur<\/p>\n\n\n\n<p class=\"has-text-align-left\">BIOLOOGILINE PEELING + massaa\u017e  65.00 eur<\/p>\n\n\n\n<p class=\"has-text-align-left\">BIOLOOGILINE PEELING + mesoteraapia  70.00 eur<\/p>\n\n\n\n<p><\/p>\n<\/div>\n\n\n\n<div class=\"is-layout-flow wp-block-column\">\n<h2 class=\"has-text-align-left has-vivid-red-color has-text-color has-medium-font-size\">BIODROGA<\/h2>\n\n\n\n<p class=\"has-text-align-left\"><em>Biodroga Signature massaa\u017eiga<\/em><\/p>\n\n\n\n<p class=\"has-text-align-left\">GOLDEN CAVIAR AGE REVERSE &#8211;  noorendav aktiivhooldus  55.00 eur<\/p>\n\n\n\n<p class=\"has-text-align-left\">MOISTURE PERFECT HYDRATION &#8211;  s\u00fcgavniisutav hooldus  55.00 eur<\/p>\n\n\n\n<p><\/p>\n<\/div>\n<\/div>\n\n\n\n<div class=\"is-layout-flex wp-container-17 wp-block-columns\">\n<div class=\"is-layout-flow wp-block-column\">\n<p><em>SOTHYS Digi &#8211; Estethique massaa\u017eiga<\/em><\/p>\n\n\n\n<p>HYDRA <sub>3<\/sub>Ha &#8211; s\u00fcgavniisutav h\u00fcaruloonhappega intensiivhooldus  85.00 eur<\/p>\n\n\n\n<p>DETOX ENERGIE <em><sup>TM<\/sup><\/em> &#8211; noorendav jumet parandav hooldus  85.00 eur<\/p>\n\n\n\n<p>\u03b2P<sub>3<\/sub>. TRI COMPLEX <sup>TM<\/sup> &#8211; noorendav intensiivhooldus k\u00fcpsele nahale  85.00 eur<\/p>\n\n\n\n<hr class=\"wp-block-separator has-text-color has-white-color has-css-opacity has-white-background-color has-background is-style-dots\"\/>\n\n\n\n<h5 class=\"has-black-color has-text-color has-medium-font-size\">SOTHYS klassikaline puhastav n\u00e4ohooldus<\/h5>\n\n\n\n<p>peeling, aurutamine, nahapooride puhastus, aktiivmask   35.00 eur<\/p>\n<\/div>\n\n\n\n<div class=\"is-layout-flow wp-block-column\">\n<h2 class=\"has-vivid-red-color has-text-color has-medium-font-size\">DERMAPEN<\/h2>\n\n\n\n<p>MICRONEEDLING nahka uuendav, noorendav hooldus n\u00e4ole  75.00 eur<\/p>\n\n\n\n<h2 class=\"has-vivid-red-color has-text-color has-medium-font-size\">MESOTERAAPIA<\/h2>\n\n\n\n<p>N\u00f5elavaba mesoteraapia &#8211; n\u00e4gu &#8211; seerumi ja aktiivmaskiga  55.00 eur<\/p>\n\n\n\n<p>N\u00f5elavaba mesoteraapia &#8211; n\u00e4gu + kael &#8211; seerumi ja aktiivmaskiga  60.00 eur<\/p>\n\n\n\n<p>N\u00f5elavaba mesoteraapia &#8211; n\u00e4gu + kael + dekoltee &#8211; seerumi ja aktiivmaskiga 65.00 eur<\/p>\n\n\n\n<p>+ FOTOSTIMULATSIOON 15.00 eur<\/p>\n<\/div>\n<\/div>\n\n\n\n<hr class=\"wp-block-separator has-text-color has-white-color has-css-opacity has-white-background-color has-background\"\/>\n\n\n\n<div class=\"is-layout-flex wp-container-20 wp-block-columns\">\n<div class=\"is-layout-flow wp-block-column\">\n<h3 class=\"has-vivid-red-color has-text-color has-medium-font-size\">RIPSMED KULMUD <span class=\"has-inline-color has-black-color\"><em>paketina<\/em><\/span><\/h3>\n\n\n\n<p>Ripsmete ja kulmude p\u00fcsiv\u00e4rvimine + kulmude korrigeerimine  25.00 eur<\/p>\n\n\n\n<p>Ripsmete ja kulmude p\u00fcsiv\u00e4rvimine + kulmude kujundamine  30.00 eur<\/p>\n\n\n\n<p>BROW HENNA &#8211; kulmude v\u00e4rvimine hennaga + kulmude korrigeerimine 25.00 eur<\/p>\n\n\n\n<p>LASH BOTOX ripsmete lamineerimine    30.00 eur<\/p>\n\n\n\n<p>LASH BOTOX kulmude lamineerimine kujundamisega  35.00 eur<\/p>\n<\/div>\n\n\n\n<div class=\"is-layout-flow wp-block-column\">\n<h2 class=\"has-medium-font-size\"><mark style=\"background-color:rgba(0, 0, 0, 0)\" class=\"has-inline-color has-vivid-red-color\">RIPSMED KULMUD<\/mark> <em>eraldi<\/em><\/h2>\n\n\n\n<p>Ripsmete p\u00fcsiv\u00e4rvimne 10.00 eur<\/p>\n\n\n\n<p>Kulmude p\u00fcsiv\u00e4rvimine 10.00 eur<\/p>\n\n\n\n<p>Kulmude korrigeerimine 10.00 eur<\/p>\n\n\n\n<p>Kulmude kujundamine 15.00 eur<\/p>\n<\/div>\n<\/div>\n\n\n\n<div class=\"is-layout-flex wp-container-24 wp-block-columns\">\n<div class=\"is-layout-flow wp-block-column\">\n<h2 class=\"has-vivid-red-color has-text-color has-medium-font-size\">JUMESTUS<\/h2>\n\n\n\n<p><\/p>\n\n\n\n<p>Pidulik p\u00e4evajumestus 35.00 eur<\/p>\n\n\n\n<p>Pidulik \u00f5htujumestus 45.00 eur<\/p>\n<\/div>\n\n\n\n<div class=\"is-layout-flow wp-block-column\">\n<h2 class=\"has-vivid-red-color has-text-color has-medium-font-size\">MANIK\u00dc\u00dcR<\/h2>\n\n\n\n<p><\/p>\n\n\n\n<p>Klassikaline manik\u00fc\u00fcr 30.00 eur<\/p>\n\n\n\n<p>Geel lakk manik\u00fc\u00fcr  40.00 eur<\/p>\n<\/div>\n\n\n\n<div class=\"is-layout-flow wp-block-column\">\n<h2 class=\"has-vivid-red-color has-text-color has-medium-font-size\">PEDIK\u00dc\u00dcR<\/h2>\n\n\n\n<p><\/p>\n\n\n\n<p>Klassikaline pedik\u00fc\u00fcr 35.00 eur<\/p>\n\n\n\n<p>Geel lakk pedik\u00fc\u00fcr  45.00 eur<\/p>\n\n\n\n<p><\/p>\n<\/div>\n<\/div>\n","protected":false},"excerpt":{"rendered":"<p>UUS! P\u00fcsimeik KULMUDE P\u00dcSIMEIK hajutamistehnikaga 200.00 eur (2,5 tundi) soodushind 170.00 eur Kulmude p\u00fcsimeigi korrektsioon HUULTE P\u00dcSIMEIK t\u00e4ielik katmine 200.00 eur (2,5 tundi) soodushind 170.00 eur Huulte p\u00fcsimeigi korrektsioon SILMADE&#8230;<\/p>\n","protected":false},"author":1,"featured_media":0,"parent":0,"menu_order":0,"comment_status":"closed","ping_status":"closed","template":"","meta":{"inline_featured_image":false},"_links":{"self":[{"href":"https:\/\/makeupsalon.eu\/fi\/wp-json\/wp\/v2\/pages\/28"}],"collection":[{"href":"https:\/\/makeupsalon.eu\/fi\/wp-json\/wp\/v2\/pages"}],"about":[{"href":"https:\/\/makeupsalon.eu\/fi\/wp-json\/wp\/v2\/types\/page"}],"author":[{"embeddable":true,"href":"https:\/\/makeupsalon.eu\/fi\/wp-json\/wp\/v2\/users\/1"}],"replies":[{"embeddable":true,"href":"https:\/\/makeupsalon.eu\/fi\/wp-json\/wp\/v2\/comments?post=28"}],"version-history":[{"count":47,"href":"https:\/\/makeupsalon.eu\/fi\/wp-json\/wp\/v2\/pages\/28\/revisions"}],"predecessor-version":[{"id":2794,"href":"https:\/\/makeupsalon.eu\/fi\/wp-json\/wp\/v2\/pages\/28\/revisions\/2794"}],"wp:attachment":[{"href":"https:\/\/makeupsalon.eu\/fi\/wp-json\/wp\/v2\/media?parent=28"}],"curies":[{"name":"wp","href":"https:\/\/api.w.org\/{rel}","templated":true}]}}