{"id":22,"date":"2018-03-08T22:29:27","date_gmt":"2018-03-08T22:29:27","guid":{"rendered":"https:\/\/makeupsalon.eu\/?page_id=22"},"modified":"2021-11-11T16:21:25","modified_gmt":"2021-11-11T14:21:25","slug":"make-you-up-ilusalong","status":"publish","type":"page","link":"https:\/\/makeupsalon.eu\/fi\/make-you-up-ilusalong\/","title":{"rendered":"MYU!"},"content":{"rendered":"<h3 style=\"text-align: center;\">MAKE You UP!<\/h3>\n<h3 style=\"text-align: center;\"><span style=\"color: #f37e7e;\">mitte ainult makeup!<\/span><\/h3>\n<p class=\"about-title\" style=\"text-align: center;\"><span style=\"color: #f37e7e;\">L\u00f6\u00f6\u00a0end\u00a0\u00fcles varvastest kulmukaareni!<\/span><\/p>\n<p style=\"text-align: left;\">Meie salongi tiim on iluteeninduse alal tegutsenud pea 20 aastat. Suurima heameelega oleme abiks oma kogemuste, parimate teadmiste ja oskustega. Kasutame vaid tippkvaliteediga Euroopas v\u00e4lja t\u00f6\u00f6tatud ning toodetavaid kosmeetikabr\u00e4nde: SOTHYS, BDR- Beauty Defect Repair System, Fusion Mesotherapy, Biodroga, MediDerma, OPI, Orly, Victoria Vynn.<\/p>\n<p class=\"about-title\" style=\"text-align: left;\">Pakume nii klassikalisi, kui kaasaegseid iluteenuseid &#8211;<\/p>\n<p><em>N\u00e4ohooldused\u00a0massaa\u017eiga &#8211; t\u00f5eline klassika.<\/em>\u00a0Kaasaegsetel toimeainetel p\u00f5hinevad tippkvaliteediga hooldustooted ning \u00a0ohutu ja naturaalset energiat tulvil k\u00e4simassaa\u017e\u00a0on t\u00f5estatult t\u00f5hus. Proffessionaalselt teostatud massaa\u017e on \u00fcks paremaid\u00a0v\u00f5imalusi\u00a0naha nooruslikkuse alal hoidmiseks v\u00f5i taastamiseks.<\/p>\n<p><em>Dermatseutilised n\u00e4ohooldused &#8211;\u00a0<\/em>kaasaegsetel efektiivsetel toimeainetel p\u00f5hinevad professionaalsed hooldused erinevate nahaprobleemide leevendamiseks ning lahendamiskes.<\/p>\n<p><em>N\u00f5elavaba mesoteraapia<\/em> &#8211; t\u00e4iesti valutu mesoteraapia vorm\u00a0mesoporatsioon &#8211; \u00fcks hinnatumaid n\u00e4o noorendamise hoolduseid. See teaduslikult t\u00f5estatud ning meditsiinist \u00fcle v\u00f5etud meetod aitab koos spetsiaalsete mesokokteilidega suurep\u00e4raselt v\u00e4hendada \u00a0ja taandada naha vananemisilminguid.<\/p>\n<p><em>N\u00f5elavaba mesoteraapia koos fotostimulastiooniga<\/em> &#8211; nahka niisutav, noorendav ning parandav teraapia. &#8220;Blue PS&#8221; &#8211; p\u00f5letikuvastane, &#8220;Red PS&#8221; &#8211; vananemisilmingutega, v\u00e4henenud elastsusega ja p\u00e4ikesekahjustustega nahale, &#8220;Green PS&#8221; &#8211; \u00e4rritunud, punetavale v\u00f5i toonuse kaotanud nahale, turses ja tumedatele silmaalustele.<\/p>\n<p><em>Ripsmete ja kulmude hooldused &#8211; <\/em>klassikalised ja hennahooldused.<\/p>\n<p><em>Jumestus &#8211;<\/em>\u00a0lihtne jumestus, pidulik p\u00e4evane v\u00f5i \u00f5hutne jumestus.<\/p>\n<p><em>P\u00fcsimeik<\/em> &#8211; kvaliteetsete pmu Tinel ja Neu pigmentidega.<\/p>\n<p><em>K\u00e4te ja jalgade hooldused<\/em> -klassikaline ja \u00a0geel manik\u00fc\u00fcr ning klassikaline ja geel pedik\u00fc\u00fcr.<\/p>\n<p><em>Depialtsioon- <\/em>soe vaha soovimatute karvade eemaldamiseks n\u00e4olt ning jalgadelt.<\/p>\n<p style=\"text-align: center;\">Olete meie juures heades k\u00e4tes:)!<\/p>\n<p style=\"text-align: center;\">Tere tulemast!<\/p>\n<p style=\"text-align: center;\">\n<p style=\"text-align: center;\">\n","protected":false},"excerpt":{"rendered":"<p>MAKE You UP! mitte ainult makeup! L\u00f6\u00f6\u00a0end\u00a0\u00fcles varvastest kulmukaareni! Meie salongi tiim on iluteeninduse alal tegutsenud pea 20 aastat. Suurima heameelega oleme abiks oma kogemuste, parimate teadmiste ja oskustega. Kasutame&#8230;<\/p>\n","protected":false},"author":1,"featured_media":23,"parent":0,"menu_order":0,"comment_status":"closed","ping_status":"closed","template":"","meta":{"inline_featured_image":false},"_links":{"self":[{"href":"https:\/\/makeupsalon.eu\/fi\/wp-json\/wp\/v2\/pages\/22"}],"collection":[{"href":"https:\/\/makeupsalon.eu\/fi\/wp-json\/wp\/v2\/pages"}],"about":[{"href":"https:\/\/makeupsalon.eu\/fi\/wp-json\/wp\/v2\/types\/page"}],"author":[{"embeddable":true,"href":"https:\/\/makeupsalon.eu\/fi\/wp-json\/wp\/v2\/users\/1"}],"replies":[{"embeddable":true,"href":"https:\/\/makeupsalon.eu\/fi\/wp-json\/wp\/v2\/comments?post=22"}],"version-history":[{"count":11,"href":"https:\/\/makeupsalon.eu\/fi\/wp-json\/wp\/v2\/pages\/22\/revisions"}],"predecessor-version":[{"id":2638,"href":"https:\/\/makeupsalon.eu\/fi\/wp-json\/wp\/v2\/pages\/22\/revisions\/2638"}],"wp:featuredmedia":[{"embeddable":true,"href":"https:\/\/makeupsalon.eu\/fi\/wp-json\/wp\/v2\/media\/23"}],"wp:attachment":[{"href":"https:\/\/makeupsalon.eu\/fi\/wp-json\/wp\/v2\/media?parent=22"}],"curies":[{"name":"wp","href":"https:\/\/api.w.org\/{rel}","templated":true}]}}