{"id":1342,"date":"2020-03-26T12:51:34","date_gmt":"2020-03-26T12:51:34","guid":{"rendered":"https:\/\/makeupsalon.eu\/?page_id=1342"},"modified":"2024-02-07T12:08:13","modified_gmt":"2024-02-07T10:08:13","slug":"muugitingimused","status":"publish","type":"page","link":"https:\/\/makeupsalon.eu\/fi\/muugitingimused\/","title":{"rendered":"M\u00fc\u00fcgitingimused"},"content":{"rendered":"\n<p>Make You Up! veebipoe (edaspidi Veebipood) omanik on MJUart O\u00dc registrikood 14626453<\/p>\n\n\n\n<p><strong>M\u00fc\u00fcgilepingu kehtivus, kauba- ja hinnainfo.<\/strong> <\/p>\n\n\n\n<p>M\u00fc\u00fcgitingimused kehtivad Veebipoest kaupade ostmisel.<\/p>\n\n\n\n<p>Veebipoes m\u00fc\u00fcdavate toodete hinnad on m\u00e4rgitud toodete juurde. Hinnale lisandub tasu kauba k\u00e4ttetoimetamise eest. K\u00f5ik veebipoes m\u00fc\u00fcdavate kaupade hinnad on eurodes. Kauba k\u00e4ttetoimetamise tasu s\u00f5ltub ostja asukohast ja k\u00e4ttetoimetamise viisist. K\u00e4ttetoimetamise tasu kuvatakse ostjale tellimuse vormistamisel. <\/p>\n\n\n\n<p>Teave kauba kohta on hesitated Veebipoes vahetult kauba juures.<\/p>\n\n\n\n<p><\/p>\n\n\n\n<p><\/p>\n\n\n\n<p><strong>Tellimuse vormistamine<\/strong>. <\/p>\n\n\n\n<p>Kauba tellimiseks tuleb lisada soovitud tooted ostukorvi. Tellimuse vormistamiseks tuleb t\u00e4ita n\u00f5utud andmev\u00e4ljad ning valida sobiv toodete kohaletoimetamise viis. Seej\u00e4rel kuvatakse ekraanile tasu suurus, mille saab tasuda osutatud makselahenduste l\u00e4bi.<\/p>\n\n\n\n<p>Leping j\u00f5ustub alates tasumisele kuuluva summa laekumisest Veebipoe arvelduskontole.Kui tellitud kaupa ei ole v\u00f5imalik tarnida seoses kauba l\u00f5ppemisega v\u00f5i muul p\u00f5hjusel, teavitatakse sellest ostjat esimesel v\u00f5imalusel ning tagastatakse tasutud raha (sh kauba k\u00e4ttetoimetamise kulud) viivitamata, kuid mitte hiljem kui 14 p\u00e4eva jooksul teate saatmisest.<\/p>\n\n\n\n<p>Meie veebipoes saab tasuda turvaliselt l\u00e4bi j\u00e4rgnevate makseviiside: <\/p>\n\n\n\n<ul>\n<li>Tasumine arve alusel MJUart O\u00dc pangakontole<\/li>\n\n\n\n<li>Tasumine sularahas v\u00f5i kaardimaksega kaubale ise j\u00e4rele tulles<\/li>\n<\/ul>\n\n\n\n<p>Leping j\u00f5ustub alates tasumisele kuuluva summa laekumisest Veebipoe arvelduskontole.<\/p>\n\n\n\n<p><\/p>\n\n\n\n<p>Kui tellitud kaupa ei ole v\u00f5imalik tarnida seoses kauba l\u00f5ppemisega v\u00f5i muul p\u00f5hjusel, teavitatakse sellest ostjat esimesel v\u00f5imalusel ning tagastatakse tasutud raha (sh kauba k\u00e4ttetoimetamise kulud) viivitamata, kuid mitte hiljem kui 14 p\u00e4eva jooksul teate saatmisest.<\/p>\n\n\n\n<p><\/p>\n\n\n\n<p><\/p>\n\n\n\n<p><strong>Kohaletoimetamine.<\/strong> <\/p>\n\n\n\n<p>Kauba saatmiskulud kannab ostja ning vastav hinnainfo on kuvatud saatmisviisi juures.  Kaupu saadetakse Eesti piires.<\/p>\n\n\n\n<p>Eestisisesed saadetised j\u00f5uavad \u00fcldjuhul ostja m\u00e4\u00e4ratud sihtpunkti 3-7 t\u00f6\u00f6p\u00e4eva jooksul alates m\u00fc\u00fcgilepingu j\u00f5ustumisest.<\/p>\n\n\n\n<p>Erandlikel juhtumitel on \u00f5igus kaup kohale toimetada kuni 45 kalendrip\u00e4eva jooksul.<\/p>\n\n\n\n<p><\/p>\n\n\n\n<p><\/p>\n\n\n\n<p><strong>Taganemis\u00f5igus<\/strong>. <\/p>\n\n\n\n<p>P\u00e4rast tellimuse k\u00e4ttesaamist on ostjal \u00f5igus e-poes s\u00f5lmitud lepingust taganeda 14 p\u00e4eva jooksul. Tagastamisele kuuluvad tooted peavad olema kasutamata ja avamata originaalpakendis. <\/p>\n\n\n\n<p>Kauba tagastamise kulud kannab ostja, v\u00e4lja arvatud juhul, kui tagastamise p\u00f5hjus seisneb asjaolus, et tagastamisele kuuluv toode ei vasta tellitule (vale v\u00f5i defektne). Kauba tagastamiseks tuleb kirjutada e-posti aadressil info@makeupsalon.eu 14 p\u00e4eva jooksul alates kauba k\u00e4ttesaamisest. Kliendiga v\u00f5etakse \u00fchendust ja koosk\u00f5lastatakse kauba tagastamisega seotud asjaolud. <\/p>\n\n\n\n<p>Veebipood tagastab tagastatava kauba k\u00e4ttesaamisel ostjale viivitamata, kuid mitte hiljem kui 14 p\u00e4eva m\u00f6\u00f6dumisel arvates taganemisavalduse saamisest, k\u00f5ik ostjalt lepingu alusel saadud tasud. Veebipood v\u00f5ib keelduda tagasimakse tegemisest seni, kuni on lepingu esemeks oleva toote tagasi saanud ja \u00fcle kontrollinud.<\/p>\n\n\n\n<p>Veebipoel on \u00f5igus taganeda m\u00fc\u00fcgitehingust ning n\u00f5uda ostjalt tagasi kaup, kui kauba hind veebipoes on eksituse t\u00f5ttu m\u00e4rgitud oluliselt alla kauba turuhinna.<\/p>\n\n\n\n<p><\/p>\n\n\n\n<p><\/p>\n\n\n\n<p><strong>Prentensioonid.<\/strong> <\/p>\n\n\n\n<p>Veebipood ei vastuta Kliendi s\u00fc\u00fcl tekkinud toote puuduste tekkimise eest, mis on tekkinud toote mittekorrap\u00e4rase hoiustamise v\u00f5i kasutamise tulemusena. Toote puuduste ilmnemisel palume edastada pretensioon \u00fche kuu jooksul meiliaadressile info@makeupsalon.eu. Palume selles p\u00f6\u00f6rdumises m\u00e4rkida tellimuse esitaja nimi, kontakttelefon, tellimuse number ja toote puuduste t\u00e4pne kirjeldus.<\/p>\n\n\n\n<p><\/p>\n\n\n\n<p><\/p>\n\n\n\n<p><strong>Privaatsustingimused<\/strong>. <\/p>\n\n\n\n<p>Veebipood kinnitab, et k\u00fclastajatelt ja ostjatelt kogutud isikuandmeid k\u00e4sitletakse konfidentsiaalsetena ja seda ei avaldata kolmandatele osapooltele, v\u00e4lja arvatud Eesti Vabariigis kehtivates \u00f5igusaktides s\u00e4testatud juhtudel ja ulatuses. Kogume vaid isikuandmeid, mis on vajalikud teenuse osutamiseks v\u00f5i pakkumiste saatmiseks (juhul, kui olete selleks soovi avaldanud p\u00e4ringu saatmise v\u00f5i uudiskirjaga liitumisvormi t\u00e4itmisega). Teil on \u00f5igus taotleda oma isikuandmete parandamist v\u00f5i kustutamist, kirjutades emailile info@makeupsalon.eu<\/p>\n\n\n\n<p>Veebipood saadab ostjale uudiskirju ning pakkumisi ostja e-maili aadressile ainult juhul, kui ostja on selleks avaldanud soovi sisestades veebilehel e-kirja aadressi ning andnud teada oma soovist otsepostituse teadete saamiseks.<\/p>\n\n\n\n<p>Ostjal on igal ajal v\u00f5imalik loobuda e-postile saadetavatest pakkumistest ja uudiskirjadest andes sellest meile teada e-kirja teel v\u00f5i j\u00e4rgides pakkumisi sisaldava e-kirjas toodud juhiseid.<\/p>\n\n\n\n<p><\/p>\n\n\n\n<p><\/p>\n\n\n\n<p><strong>Vaidluste lahendamine<\/strong>.<\/p>\n\n\n\n<p>Kui ostjal on Veebipoe osas pretensioone, tuleb need saata e-kirja aadressile info@makeupsalon.eu v\u00f5i helistada telefonil: +372 56 56 66 50<\/p>\n\n\n\n<p>Kui ostja ja Veebipood ei suuda lahendada vaidlust kokkuleppe teel, siis on ostjal v\u00f5imalik p\u00f6\u00f6rduda Tarbijavaidluste komisjoni poole. Menetlustingimustega saab tutvuda ning avaldust esitada&nbsp;<a href=\"https:\/\/komisjon.ee\/et\/avalduse-esitamine\" target=\"_blank\" rel=\"noreferrer noopener\">siin<\/a>. Tarbijavaidluste komisjoni p\u00e4devuses on lahendada ostja ja Veebipoe vahel s\u00f5lmitud lepingust tulenevaid vaidlusi. Ostja kaebuse l\u00e4bivaatamine komisjonis on tasuta.<\/p>\n\n\n\n<p>Ostja v\u00f5ib p\u00f6\u00f6rduda Euroopa Liidu tarbijavaidlusi lahendava platvormi&nbsp;<a href=\"https:\/\/ec.europa.eu\/consumers\/odr\/main\/index.cfm?event=main.home2.show&#038;lng=ET\" target=\"_blank\" rel=\"noreferrer noopener\">poole<\/a>.<\/p>\n\n\n\n<p><\/p>\n\n\n\n<p><\/p>\n","protected":false},"excerpt":{"rendered":"<p>Make You Up! veebipoe (edaspidi Veebipood) omanik on MJUart O\u00dc registrikood 14626453 M\u00fc\u00fcgilepingu kehtivus, kauba- ja hinnainfo. M\u00fc\u00fcgitingimused kehtivad Veebipoest kaupade ostmisel. Veebipoes m\u00fc\u00fcdavate toodete hinnad on m\u00e4rgitud toodete juurde&#8230;.<\/p>\n","protected":false},"author":1,"featured_media":0,"parent":0,"menu_order":0,"comment_status":"closed","ping_status":"closed","template":"","meta":{"inline_featured_image":false},"_links":{"self":[{"href":"https:\/\/makeupsalon.eu\/fi\/wp-json\/wp\/v2\/pages\/1342"}],"collection":[{"href":"https:\/\/makeupsalon.eu\/fi\/wp-json\/wp\/v2\/pages"}],"about":[{"href":"https:\/\/makeupsalon.eu\/fi\/wp-json\/wp\/v2\/types\/page"}],"author":[{"embeddable":true,"href":"https:\/\/makeupsalon.eu\/fi\/wp-json\/wp\/v2\/users\/1"}],"replies":[{"embeddable":true,"href":"https:\/\/makeupsalon.eu\/fi\/wp-json\/wp\/v2\/comments?post=1342"}],"version-history":[{"count":41,"href":"https:\/\/makeupsalon.eu\/fi\/wp-json\/wp\/v2\/pages\/1342\/revisions"}],"predecessor-version":[{"id":2804,"href":"https:\/\/makeupsalon.eu\/fi\/wp-json\/wp\/v2\/pages\/1342\/revisions\/2804"}],"wp:attachment":[{"href":"https:\/\/makeupsalon.eu\/fi\/wp-json\/wp\/v2\/media?parent=1342"}],"curies":[{"name":"wp","href":"https:\/\/api.w.org\/{rel}","templated":true}]}}