{"id":688,"date":"2018-11-06T09:35:05","date_gmt":"2018-11-06T09:35:05","guid":{"rendered":"https:\/\/makeupsalon.eu\/?post_type=product&#038;p=688"},"modified":"2018-11-06T13:42:56","modified_gmt":"2018-11-06T13:42:56","slug":"myu-kinkekaart-25","status":"publish","type":"product","link":"https:\/\/makeupsalon.eu\/en\/toode\/myu-kinkekaart-25\/","title":{"rendered":"MYU! KINKEKAART 25 eur"},"content":{"rendered":"<p>Kinkekaart 25.00 eur<\/p>\n","protected":false},"excerpt":{"rendered":"<p>Ilusalong Make You Up! <em>kinkekaart<\/em> v\u00e4\u00e4rtusega 25.00 eur. Kehtivus 6 kuud alates kaardi ostu kuup\u00e4evast. Kasutada saab k\u00f5ikide meie salongis pakutavate iluteenuste ja toodete eest tasumiseks.<\/p>\n","protected":false},"featured_media":689,"comment_status":"closed","ping_status":"closed","template":"","meta":{"inline_featured_image":false},"product_cat":[],"product_tag":[],"_links":{"self":[{"href":"https:\/\/makeupsalon.eu\/en\/wp-json\/wp\/v2\/product\/688"}],"collection":[{"href":"https:\/\/makeupsalon.eu\/en\/wp-json\/wp\/v2\/product"}],"about":[{"href":"https:\/\/makeupsalon.eu\/en\/wp-json\/wp\/v2\/types\/product"}],"replies":[{"embeddable":true,"href":"https:\/\/makeupsalon.eu\/en\/wp-json\/wp\/v2\/comments?post=688"}],"wp:featuredmedia":[{"embeddable":true,"href":"https:\/\/makeupsalon.eu\/en\/wp-json\/wp\/v2\/media\/689"}],"wp:attachment":[{"href":"https:\/\/makeupsalon.eu\/en\/wp-json\/wp\/v2\/media?parent=688"}],"wp:term":[{"taxonomy":"product_cat","embeddable":true,"href":"https:\/\/makeupsalon.eu\/en\/wp-json\/wp\/v2\/product_cat?post=688"},{"taxonomy":"product_tag","embeddable":true,"href":"https:\/\/makeupsalon.eu\/en\/wp-json\/wp\/v2\/product_tag?post=688"}],"curies":[{"name":"wp","href":"https:\/\/api.w.org\/{rel}","templated":true}]}}