{"id":2674,"date":"2021-11-17T09:36:54","date_gmt":"2021-11-17T07:36:54","guid":{"rendered":"https:\/\/makeupsalon.eu\/?page_id=2674"},"modified":"2021-11-22T16:46:49","modified_gmt":"2021-11-22T14:46:49","slug":"kupsiste-poliitika","status":"publish","type":"page","link":"https:\/\/makeupsalon.eu\/en\/kupsiste-poliitika\/","title":{"rendered":"K\u00fcpsiste poliitika"},"content":{"rendered":"\n<p>Make You Up! veebileht kasutab k\u00fcpsiseid (tuntud ka kui HTTP-k\u00fcpsis, inglise keeles cookie, HTTP cookie). K\u00fcpsis on v\u00e4ike tekstikujuline andmeplokk teie veebilehitsejas, mille veebileht saadab teie arvutis olevasse k\u00fcpsiste faili.<br>K\u00fcpsiseid on kahte t\u00fc\u00fcpi:<\/p>\n\n\n\n<ul><li>P\u00fcsivaid k\u00fcpsiseid, mis j\u00e4\u00e4vad teie arvutis olevasse k\u00fcpsiste faili p\u00fcsivalt. Neid v\u00f5idakse kasutada n\u00e4iteks teie kui veebilehe korduvk\u00fclastaja \u00e4ratundmiseks ja veebilehe sisu kohandamiseks vastavalt teie vajadustele v\u00f5i statistiliste andmete kogumiseks.<\/li><li>Seansik\u00fcpsised on ajutised ja kaovad, kui veebilehelt lahkute v\u00f5i oma veebilehitseja sulgete. Seansik\u00fcpsiseid v\u00f5idakse kasutada veebilehe teatud funktsioonide, sisse logimiseks ja ostukorvi jaoks.<\/li><\/ul>\n\n\n\n<p>K\u00fcpsiseid kasutatakse meie veebilehel, et pakkuda paremat kasutajakogemust. K\u00fcpsised v\u00f5imaldavad meie veebiserveritel teid \u00e4ra tunda ja kohandada selle sisu automaatselt nii, et see sobiks teie vajadustega, kui te lehte k\u00fclastate.\u00a0 K\u00fcpsiste kasutamine teeb meie kasutajate vajaduste \u00e4ratundmise lihtsamaks. Need annavad meile kasutajastatistikat, mis v\u00f5imaldab meil m\u00f5\u00f5ta ja parandada meie veebilehe toimivust.<br>Meie k\u00fcpsised v\u00f5ivad olla loodud erinevate teenusepakkujate poolt, kes aitavad meil oma veebiteenuseid edendada. Sellised pakkujad on n\u00e4iteks Google, Facebook ja Instagram.<\/p>\n\n\n\n<p><br>Meie veebilehe kasutajad loetakse k\u00fcpsistega n\u00f5ustunuks, kui nende veebilehitseja seadistustes on k\u00fcpsised lubatud. Kui te k\u00fcpsistega ei n\u00f5ustu, v\u00f5ivad mitmed meie veebilehe teenused ja funktsioonid olla piiratud.<\/p>\n\n\n\n<p>Te saate alati ise otsustada, kas k\u00fcpsised oma veebilehitsejas lubada v\u00f5i mitte. Kui te k\u00fcpsiseid ei soovi, v\u00f5ite seadistada oma veebilehitseja nii, et see keelab automaatselt k\u00fcpsised \u00e4ra v\u00f5i teatab teile iga kord, kui veebileht palub luba k\u00fcpsise lisamiseks. Vajalike seadistuste tegemiseks palun vaadake oma veebilehitseja abi funktsiooni.<\/p>\n\n\n\n<p>K\u00e4esolevaid tingimusi v\u00f5idakse aeg-ajalt muuta ilma sellest ette teatamata, et kindlustada meie vastavus seadustele ja\/v\u00f5i k\u00fcpsiseid puudutavatele \u00fcldiselt tunnustatud tavadele.<\/p>\n","protected":false},"excerpt":{"rendered":"<p>Make You Up! veebileht kasutab k\u00fcpsiseid (tuntud ka kui HTTP-k\u00fcpsis, inglise keeles cookie, HTTP cookie). K\u00fcpsis on v\u00e4ike tekstikujuline andmeplokk teie veebilehitsejas, mille veebileht saadab teie arvutis olevasse k\u00fcpsiste faili.K\u00fcpsiseid&#8230;<\/p>\n","protected":false},"author":1,"featured_media":0,"parent":0,"menu_order":0,"comment_status":"closed","ping_status":"closed","template":"","meta":{"inline_featured_image":false},"_links":{"self":[{"href":"https:\/\/makeupsalon.eu\/en\/wp-json\/wp\/v2\/pages\/2674"}],"collection":[{"href":"https:\/\/makeupsalon.eu\/en\/wp-json\/wp\/v2\/pages"}],"about":[{"href":"https:\/\/makeupsalon.eu\/en\/wp-json\/wp\/v2\/types\/page"}],"author":[{"embeddable":true,"href":"https:\/\/makeupsalon.eu\/en\/wp-json\/wp\/v2\/users\/1"}],"replies":[{"embeddable":true,"href":"https:\/\/makeupsalon.eu\/en\/wp-json\/wp\/v2\/comments?post=2674"}],"version-history":[{"count":2,"href":"https:\/\/makeupsalon.eu\/en\/wp-json\/wp\/v2\/pages\/2674\/revisions"}],"predecessor-version":[{"id":2688,"href":"https:\/\/makeupsalon.eu\/en\/wp-json\/wp\/v2\/pages\/2674\/revisions\/2688"}],"wp:attachment":[{"href":"https:\/\/makeupsalon.eu\/en\/wp-json\/wp\/v2\/media?parent=2674"}],"curies":[{"name":"wp","href":"https:\/\/api.w.org\/{rel}","templated":true}]}}