{"id":2639,"date":"2021-11-11T16:40:40","date_gmt":"2021-11-11T14:40:40","guid":{"rendered":"https:\/\/makeupsalon.eu\/?page_id=2639"},"modified":"2022-05-26T14:23:46","modified_gmt":"2022-05-26T11:23:46","slug":"broneering","status":"publish","type":"page","link":"https:\/\/makeupsalon.eu\/en\/broneering\/","title":{"rendered":"Online broneering"},"content":{"rendered":"\n<div class=\"wp-block-amelia-booking-gutenberg-block\">[ameliabooking]<\/div>\n\n\n\n<p class=\"has-black-color has-text-color\" style=\"font-size:18px\">Kui Te ei leia omale sobivat aega online broneerimiss\u00fcsteemist, palun v\u00f5tke \u00fchendust telefoni teel + 372 56 56 66 50 v\u00f5i saatke e-mail aadressile: info@makeupsalon.eu <\/p>\n","protected":false},"excerpt":{"rendered":"<p>Kui Te ei leia omale sobivat aega online broneerimiss\u00fcsteemist, palun v\u00f5tke \u00fchendust telefoni teel + 372 56 56 66 50 v\u00f5i saatke e-mail aadressile: info@makeupsalon.eu<\/p>\n","protected":false},"author":1,"featured_media":0,"parent":0,"menu_order":0,"comment_status":"closed","ping_status":"closed","template":"","meta":{"inline_featured_image":false},"_links":{"self":[{"href":"https:\/\/makeupsalon.eu\/en\/wp-json\/wp\/v2\/pages\/2639"}],"collection":[{"href":"https:\/\/makeupsalon.eu\/en\/wp-json\/wp\/v2\/pages"}],"about":[{"href":"https:\/\/makeupsalon.eu\/en\/wp-json\/wp\/v2\/types\/page"}],"author":[{"embeddable":true,"href":"https:\/\/makeupsalon.eu\/en\/wp-json\/wp\/v2\/users\/1"}],"replies":[{"embeddable":true,"href":"https:\/\/makeupsalon.eu\/en\/wp-json\/wp\/v2\/comments?post=2639"}],"version-history":[{"count":9,"href":"https:\/\/makeupsalon.eu\/en\/wp-json\/wp\/v2\/pages\/2639\/revisions"}],"predecessor-version":[{"id":2764,"href":"https:\/\/makeupsalon.eu\/en\/wp-json\/wp\/v2\/pages\/2639\/revisions\/2764"}],"wp:attachment":[{"href":"https:\/\/makeupsalon.eu\/en\/wp-json\/wp\/v2\/media?parent=2639"}],"curies":[{"name":"wp","href":"https:\/\/api.w.org\/{rel}","templated":true}]}}